{"id":26,"date":"2021-12-14T11:42:59","date_gmt":"2021-12-14T14:42:59","guid":{"rendered":"https:\/\/tecnoprint.com.br\/blog\/home\/"},"modified":"2021-12-15T11:47:42","modified_gmt":"2021-12-15T14:47:42","slug":"home","status":"publish","type":"page","link":"https:\/\/tecnoprint.com.br\/blog\/","title":{"rendered":"Home"},"content":{"rendered":"\n\n\n<h4>Artigos do blog Tecnoprint<\/h4>\n<h6 style=\"color: #fff; font-weight: 100;line-height:1.2;font-size: 20px \">Clique abaixo e v\u00e1 direto para nossa p\u00e1gina de artigos,<br>  l\u00e1 voc\u00ea confere as publica\u00e7\u00f5es completas dos an\u00fancios e postagens das redes sociais.<\/h6>\n\n\n\n\n\n<h4>Loja Virtual<\/h4>\n<h6 style=\"color: #fff; font-weight: 100;line-height:1.2;font-size: 20px \">Agora voc\u00ea pode comprar os produtos da Tecnoprint tamb\u00e9m online<br> atrav\u00e9s da nossa loja virtual, clique no bot\u00e3o &#8220;acessar&#8221; e confira nossos pre\u00e7os e condi\u00e7\u00f5es!<\/h6>\n\n\n\n\n\nTECNOPRINT\n<p><span style=\"color: rgb(33, 37, 41); font-family: system-ui, -apple-system, &quot;Segoe UI&quot;, Roboto, &quot;Helvetica Neue&quot;, Arial, &quot;Noto Sans&quot;, &quot;Liberation Sans&quot;, sans-serif, &quot;Apple Color Emoji&quot;, &quot;Segoe UI Emoji&quot;, &quot;Segoe UI Symbol&quot;, &quot;Noto Color Emoji&quot;\">A Tecnoprint foi fundada em 25 de maio de 1999, com o objetivo de fornecer cartuchos remanufaturados para impressoras ink-jet e laserjet e servi\u00e7os de manuten\u00e7\u00e3o em impressoras. Ap\u00f3s alguns anos de atua\u00e7\u00e3o no mercado passamos a oferecer tamb\u00e9m venda e manuten\u00e7\u00e3o de micros e notebooks, venda e loca\u00e7\u00e3o de impressoras e toda linha de perif\u00e9ricos de inform\u00e1tica.<\/span><br style=\"color: rgb(33, 37, 41); font-family: system-ui, -apple-system, &quot;Segoe UI&quot;, Roboto, &quot;Helvetica Neue&quot;, Arial, &quot;Noto Sans&quot;, &quot;Liberation Sans&quot;, sans-serif, &quot;Apple Color Emoji&quot;, &quot;Segoe UI Emoji&quot;, &quot;Segoe UI Symbol&quot;, &quot;Noto Color Emoji&quot;; background-color: rgb(255, 255, 255);\"><\/p>\n\n\n\n<p>A Tecnoprint oferece a manuten\u00e7\u00e3o de: Impressoras, notebooks\/desktops, no-breaks e monitores.<\/p>\n<p>Contamos com profissionais especializados e capacitados para cuidar do seu equipamento com qualidade e efici\u00eancia.<\/p>\n\n\n<p>Se voc\u00ea n\u00e3o disp\u00f5e de tempo para trazer seu equipamento para n\u00f3s, saiba que a Tecnoprint pode retirar e entregar para voc\u00ea.<\/p>\n<p>Oferecemos atendimento personalizado atrav\u00e9s do Whatsapp, telefone ou email.<\/p>\n\n\n","protected":false},"excerpt":{"rendered":"","protected":false},"author":0,"featured_media":0,"parent":0,"menu_order":0,"comment_status":"closed","ping_status":"closed","template":"","meta":{"pagelayer_contact_templates":[],"_pagelayer_content":"","footnotes":""},"class_list":["post-26","page","type-page","status-publish","hentry"],"yoast_head":"<!-- This site is optimized with the Yoast SEO plugin v27.4 - https:\/\/yoast.com\/product\/yoast-seo-wordpress\/ -->\n<title>Home - Tecnoprint<\/title>\n<meta name=\"robots\" content=\"index, follow, max-snippet:-1, max-image-preview:large, max-video-preview:-1\" \/>\n<link rel=\"canonical\" href=\"https:\/\/tecnoprint.com.br\/blog\/\" \/>\n<meta property=\"og:locale\" content=\"pt_BR\" \/>\n<meta property=\"og:type\" content=\"article\" \/>\n<meta property=\"og:title\" content=\"Home - Tecnoprint\" \/>\n<meta property=\"og:url\" content=\"https:\/\/tecnoprint.com.br\/blog\/\" \/>\n<meta property=\"og:site_name\" content=\"Tecnoprint\" \/>\n<meta property=\"article:publisher\" content=\"https:\/\/www.facebook.com\/tecnoprint.sorocaba\" \/>\n<meta property=\"article:modified_time\" content=\"2021-12-15T14:47:42+00:00\" \/>\n<meta name=\"twitter:card\" content=\"summary_large_image\" \/>\n<meta name=\"twitter:site\" content=\"@TECNOPRINT\" \/>\n<meta name=\"twitter:label1\" content=\"Est. tempo de leitura\" \/>\n\t<meta name=\"twitter:data1\" content=\"1 minuto\" \/>\n<script type=\"application\/ld+json\" class=\"yoast-schema-graph\">{\"@context\":\"https:\\\/\\\/schema.org\",\"@graph\":[{\"@type\":\"WebPage\",\"@id\":\"https:\\\/\\\/tecnoprint.com.br\\\/blog\\\/\",\"url\":\"https:\\\/\\\/tecnoprint.com.br\\\/blog\\\/\",\"name\":\"Home - Tecnoprint\",\"isPartOf\":{\"@id\":\"https:\\\/\\\/tecnoprint.com.br\\\/blog\\\/#website\"},\"datePublished\":\"2021-12-14T14:42:59+00:00\",\"dateModified\":\"2021-12-15T14:47:42+00:00\",\"breadcrumb\":{\"@id\":\"https:\\\/\\\/tecnoprint.com.br\\\/blog\\\/#breadcrumb\"},\"inLanguage\":\"pt-BR\",\"potentialAction\":[{\"@type\":\"ReadAction\",\"target\":[\"https:\\\/\\\/tecnoprint.com.br\\\/blog\\\/\"]}]},{\"@type\":\"BreadcrumbList\",\"@id\":\"https:\\\/\\\/tecnoprint.com.br\\\/blog\\\/#breadcrumb\",\"itemListElement\":[{\"@type\":\"ListItem\",\"position\":1,\"name\":\"In\u00edcio\",\"item\":\"https:\\\/\\\/tecnoprint.com.br\\\/blog\\\/\"},{\"@type\":\"ListItem\",\"position\":2,\"name\":\"Home\"}]},{\"@type\":\"WebSite\",\"@id\":\"https:\\\/\\\/tecnoprint.com.br\\\/blog\\\/#website\",\"url\":\"https:\\\/\\\/tecnoprint.com.br\\\/blog\\\/\",\"name\":\"Tecnoprint\",\"description\":\"Blog Oficial Tecnoprint\",\"publisher\":{\"@id\":\"https:\\\/\\\/tecnoprint.com.br\\\/blog\\\/#organization\"},\"potentialAction\":[{\"@type\":\"SearchAction\",\"target\":{\"@type\":\"EntryPoint\",\"urlTemplate\":\"https:\\\/\\\/tecnoprint.com.br\\\/blog\\\/?s={search_term_string}\"},\"query-input\":{\"@type\":\"PropertyValueSpecification\",\"valueRequired\":true,\"valueName\":\"search_term_string\"}}],\"inLanguage\":\"pt-BR\"},{\"@type\":\"Organization\",\"@id\":\"https:\\\/\\\/tecnoprint.com.br\\\/blog\\\/#organization\",\"name\":\"Tecnoprint Eletroeletr\u00f4nica LTDA\",\"url\":\"https:\\\/\\\/tecnoprint.com.br\\\/blog\\\/\",\"logo\":{\"@type\":\"ImageObject\",\"inLanguage\":\"pt-BR\",\"@id\":\"https:\\\/\\\/tecnoprint.com.br\\\/blog\\\/#\\\/schema\\\/logo\\\/image\\\/\",\"url\":\"https:\\\/\\\/tecnoprint.com.br\\\/blog\\\/wp-content\\\/uploads\\\/2021\\\/12\\\/logoTecnoprintSmall.png\",\"contentUrl\":\"https:\\\/\\\/tecnoprint.com.br\\\/blog\\\/wp-content\\\/uploads\\\/2021\\\/12\\\/logoTecnoprintSmall.png\",\"width\":399,\"height\":121,\"caption\":\"Tecnoprint Eletroeletr\u00f4nica LTDA\"},\"image\":{\"@id\":\"https:\\\/\\\/tecnoprint.com.br\\\/blog\\\/#\\\/schema\\\/logo\\\/image\\\/\"},\"sameAs\":[\"https:\\\/\\\/www.facebook.com\\\/tecnoprint.sorocaba\",\"https:\\\/\\\/x.com\\\/TECNOPRINT\",\"https:\\\/\\\/www.instagram.com\\\/tecnoprintcartuchos\\\/\"]}]}<\/script>\n<!-- \/ Yoast SEO plugin. -->","yoast_head_json":{"title":"Home - Tecnoprint","robots":{"index":"index","follow":"follow","max-snippet":"max-snippet:-1","max-image-preview":"max-image-preview:large","max-video-preview":"max-video-preview:-1"},"canonical":"https:\/\/tecnoprint.com.br\/blog\/","og_locale":"pt_BR","og_type":"article","og_title":"Home - Tecnoprint","og_url":"https:\/\/tecnoprint.com.br\/blog\/","og_site_name":"Tecnoprint","article_publisher":"https:\/\/www.facebook.com\/tecnoprint.sorocaba","article_modified_time":"2021-12-15T14:47:42+00:00","twitter_card":"summary_large_image","twitter_site":"@TECNOPRINT","twitter_misc":{"Est. tempo de leitura":"1 minuto"},"schema":{"@context":"https:\/\/schema.org","@graph":[{"@type":"WebPage","@id":"https:\/\/tecnoprint.com.br\/blog\/","url":"https:\/\/tecnoprint.com.br\/blog\/","name":"Home - Tecnoprint","isPartOf":{"@id":"https:\/\/tecnoprint.com.br\/blog\/#website"},"datePublished":"2021-12-14T14:42:59+00:00","dateModified":"2021-12-15T14:47:42+00:00","breadcrumb":{"@id":"https:\/\/tecnoprint.com.br\/blog\/#breadcrumb"},"inLanguage":"pt-BR","potentialAction":[{"@type":"ReadAction","target":["https:\/\/tecnoprint.com.br\/blog\/"]}]},{"@type":"BreadcrumbList","@id":"https:\/\/tecnoprint.com.br\/blog\/#breadcrumb","itemListElement":[{"@type":"ListItem","position":1,"name":"In\u00edcio","item":"https:\/\/tecnoprint.com.br\/blog\/"},{"@type":"ListItem","position":2,"name":"Home"}]},{"@type":"WebSite","@id":"https:\/\/tecnoprint.com.br\/blog\/#website","url":"https:\/\/tecnoprint.com.br\/blog\/","name":"Tecnoprint","description":"Blog Oficial Tecnoprint","publisher":{"@id":"https:\/\/tecnoprint.com.br\/blog\/#organization"},"potentialAction":[{"@type":"SearchAction","target":{"@type":"EntryPoint","urlTemplate":"https:\/\/tecnoprint.com.br\/blog\/?s={search_term_string}"},"query-input":{"@type":"PropertyValueSpecification","valueRequired":true,"valueName":"search_term_string"}}],"inLanguage":"pt-BR"},{"@type":"Organization","@id":"https:\/\/tecnoprint.com.br\/blog\/#organization","name":"Tecnoprint Eletroeletr\u00f4nica LTDA","url":"https:\/\/tecnoprint.com.br\/blog\/","logo":{"@type":"ImageObject","inLanguage":"pt-BR","@id":"https:\/\/tecnoprint.com.br\/blog\/#\/schema\/logo\/image\/","url":"https:\/\/tecnoprint.com.br\/blog\/wp-content\/uploads\/2021\/12\/logoTecnoprintSmall.png","contentUrl":"https:\/\/tecnoprint.com.br\/blog\/wp-content\/uploads\/2021\/12\/logoTecnoprintSmall.png","width":399,"height":121,"caption":"Tecnoprint Eletroeletr\u00f4nica LTDA"},"image":{"@id":"https:\/\/tecnoprint.com.br\/blog\/#\/schema\/logo\/image\/"},"sameAs":["https:\/\/www.facebook.com\/tecnoprint.sorocaba","https:\/\/x.com\/TECNOPRINT","https:\/\/www.instagram.com\/tecnoprintcartuchos\/"]}]}},"_links":{"self":[{"href":"https:\/\/tecnoprint.com.br\/blog\/wp-json\/wp\/v2\/pages\/26","targetHints":{"allow":["GET"]}}],"collection":[{"href":"https:\/\/tecnoprint.com.br\/blog\/wp-json\/wp\/v2\/pages"}],"about":[{"href":"https:\/\/tecnoprint.com.br\/blog\/wp-json\/wp\/v2\/types\/page"}],"replies":[{"embeddable":true,"href":"https:\/\/tecnoprint.com.br\/blog\/wp-json\/wp\/v2\/comments?post=26"}],"version-history":[{"count":48,"href":"https:\/\/tecnoprint.com.br\/blog\/wp-json\/wp\/v2\/pages\/26\/revisions"}],"predecessor-version":[{"id":172,"href":"https:\/\/tecnoprint.com.br\/blog\/wp-json\/wp\/v2\/pages\/26\/revisions\/172"}],"wp:attachment":[{"href":"https:\/\/tecnoprint.com.br\/blog\/wp-json\/wp\/v2\/media?parent=26"}],"curies":[{"name":"wp","href":"https:\/\/api.w.org\/{rel}","templated":true}]}}